{"id":40,"date":"2014-02-11T19:47:34","date_gmt":"2014-02-11T18:47:34","guid":{"rendered":"http:\/\/elteca.cz\/?page_id=40"},"modified":"2014-02-11T19:47:34","modified_gmt":"2014-02-11T18:47:34","slug":"tepelne-cerpadlo-ut10","status":"publish","type":"page","link":"https:\/\/www.elteca.cz\/?page_id=40","title":{"rendered":"Tepeln\u00e9 \u010derpadlo UT10"},"content":{"rendered":"<p>Tepeln\u00e9 \u010derpadlo UT10 a UT6<\/p>\n<div>\n<div>Tepeln\u00e1 \u010derpadla jsou v\u00a0sou\u010dasnosti nejekologi\u010dt\u011bj\u0161\u00edm zdrojem pro vyt\u00e1p\u011bn\u00ed.<\/div>\n<div>\u00a0<\/div>\n<div>Pro z\u00edsk\u00e1n\u00ed tepeln\u00e9 energie vyu\u017e\u00edvaj\u00ed stoprocentn\u011b obnoviteln\u00e9 zdroje tepla &#8211; vzduch, zem a\u00a0vodu.<\/div>\n<div>\u00a0<\/div>\n<h3>Ka\u017ed\u00fd tento zdroj m\u00e1 ov\u0161em sv\u00e9 v\u00fdhody a\u00a0nev\u00fdhody:<\/h3>\n<ul>\n<li><strong>Pro tepeln\u00e9 \u010derpadlo voda \/ voda<\/strong> je pot\u0159eba nezamrzaj\u00edc\u00ed zdroj vody s\u00a0velkou vydatnost\u00ed a\u00a0teplotou alespo\u0148 10 stup\u0148\u016f co\u017e b\u00fdv\u00e1 m\u00e1lokdy k\u00a0dispozici. Tato tepeln\u00e1 \u010derpadla dosahuj\u00ed nejvy\u0161\u0161\u00ed \u00fa\u010dinnosti &#8211; topn\u00fd faktor (pom\u011br mezi dodan\u00fdm tepeln\u00fdm v\u00fdkonem a\u00a0pot\u0159ebn\u00fdm elektrick\u00fdm p\u0159\u00edkonem pro pohon) b\u00fdv\u00e1 okolo 6, uspo\u0159it lze a\u017e 80% n\u00e1klad\u016f na topen\u00ed. N\u00e1klady na po\u0159\u00edzen\u00ed jsou ale pom\u011brn\u011b vysok\u00e9.<\/li>\n<li><strong>Tepeln\u00e9 \u010derpadlo zem\u011b \/ voda<\/strong> je levn\u011bj\u0161\u00ed, jeho topn\u00fd faktor b\u00fdv\u00e1 okolo hodnoty 4 (\u00faspora a\u017e 70% n\u00e1klad\u016f na topen\u00ed). Je ov\u0161em t\u0159eba velk\u00fd pozemek, kam se do hloubky p\u0159es 1,2 m mus\u00ed um\u00edstit soustava trubek, kter\u00fdmi proud\u00ed m\u00e9dium odeb\u00edraj\u00edc\u00ed ze zem\u011b teplo. Vybudov\u00e1n\u00ed takov\u00e9 soustavy b\u00fdv\u00e1 \u010dasto dra\u017e\u0161\u00ed n\u011b\u017e samotn\u00e9 tepeln\u00e9 \u010derpadlo a\u00a0je nutno zv\u00e1\u017eit tak\u00e9 skute\u010dnost, \u017ee p\u016fda nad touto soustavou se bude v\u00fdrazn\u011b ochlazovat a\u00a0promrzat do v\u011bt\u0161\u00ed hloubky, co\u017e m\u016f\u017ee znemo\u017enit vyu\u017eit\u00ed pozemku pro okrasnou zahradu nebo p\u011bstov\u00e1n\u00ed plodin. Probl\u00e9m m\u016f\u017ee b\u00fdt rovn\u011b\u017e \u00fadr\u017eba a\u00a0opravy &#8211; nutn\u00e9 zemn\u00ed pr\u00e1ce.<\/li>\n<li><strong>Tepeln\u00e9 \u010derpadlo vzduch \/ voda<\/strong> je nejlevn\u011bj\u0161\u00ed a\u00a0z\u00a0hlediska instalace nejjednodu\u0161\u0161\u00ed \u0159e\u0161en\u00ed. Pr\u016fm\u011brn\u00fd topn\u00fd faktor je okolo hodnoty 3. Probl\u00e9mem je zde skute\u010dnost, \u017ee \u010d\u00edm ni\u017e\u0161\u00ed je teplota topn\u00e9ho vzduchu, t\u00edm ni\u017e\u0161\u00ed je v\u00fdkon a\u00a0topn\u00fd faktor. Pro vytopen\u00ed objektu i\u00a0za nejni\u017e\u0161\u00edch teplot pot\u0159ebuje ka\u017ed\u00e9 tepeln\u00e9 \u010derpadlo k\u00a0sob\u011b je\u0161t\u011b nez\u00e1visl\u00fd zdroj tepla (nap\u0159. elektrokotel), pot\u0159eba dot\u00e1p\u011bn\u00ed u\u00a0proveden\u00ed tepeln\u00e9ho \u010derpadla vzduch \/ voda je nejv\u011bt\u0161\u00ed.\u00a0 P\u0159i spr\u00e1vn\u00e9m n\u00e1vrhu topn\u00e9 soustavy a\u00a0instalaci lze ale i\u00a0tady u\u0161et\u0159it a\u017e 60 % n\u00e1klad\u016f na topen\u00ed. <strong>Existuj\u00ed dv\u011b proveden\u00ed &#8211; venkovn\u00ed a\u00a0vnit\u0159n\u00ed<\/strong>. Venkovn\u00ed proveden\u00ed nepot\u0159ebuje p\u0159\u00edvody vzduchu, v\u00a0hust\u00e9 z\u00e1stavb\u011b m\u016f\u017ee ale probl\u00e9my p\u016fsobit hluk za provozu a\u00a0rovn\u011b\u017e klimatick\u00e9 podm\u00ednky. Vnit\u0159n\u00ed proveden\u00ed je v\u017edy kompaktn\u00ed &#8211; v\u0161e je um\u00edst\u011bno v\u00a0jedn\u00e9 sk\u0159\u00edni. Je chr\u00e1n\u011bno p\u0159ed vn\u011bj\u0161\u00edmi vlivy a\u00a0tepeln\u00fdmi ztr\u00e1tami a\u00a0vy\u017eaduje pouze minim\u00e1ln\u00ed stavebn\u00ed \u00fapravy &#8211; p\u0159\u00edvod a\u00a0odvod \u201etopn\u00e9ho\u201c vzduchu. Lze ho um\u00edstit do technologick\u00e9 m\u00edstnosti, gar\u00e1\u017ee, d\u00edlny nebo sklepa.<\/li>\n<\/ul>\n<\/div>\n<div>\u00a0<\/div>\n<div><a title=\"Princip tepeln\u00e9ho \u010derpadla vzduch \/ voda\" href=\"http:\/\/zdravydum.elmet.cz\/files\/obrazky\/vzduch-voda.jpg\"><img decoding=\"async\" title=\"Princip tepeln\u00e9ho \u010derpadla vzduch \/ voda\" alt=\"Princip tepeln\u00e9ho \u010derpadla vzduch \/ voda\" src=\"http:\/\/zdravydum.elmet.cz\/files\/obrazky\/nahled-140-vzduch-voda.jpg\" \/><\/a><\/p>\n<div>Princip tepeln\u00e9ho \u010derpadla vzduch \/ voda<\/div>\n<\/div>\n<div>\n<div><strong>Firma ELMET<\/strong> ve snaze zp\u0159\u00edstupnit tuto technologii vyt\u00e1p\u011bn\u00ed co nejv\u011bt\u0161\u00edmu po\u010dtu z\u00e1kazn\u00edk\u016f zvolila proveden\u00ed <strong>vzduch \/ voda<\/strong> a\u00a0vnit\u0159n\u00ed proveden\u00ed, co\u017e umo\u017enilo dos\u00e1hnout velmi p\u0159\u00edzniv\u00e9 ceny a\u00a0t\u00edm podstatn\u011b zkr\u00e1tit dobu n\u00e1vratnosti investovan\u00fdch pen\u011bz a\u00a0to p\u0159i pou\u017eit\u00ed v\u00fdhradn\u011b zna\u010dkov\u00fdch komponent\u016f od p\u0159edn\u00edch sv\u011btov\u00fdch v\u00fdrobc\u016f.<\/div>\n<div>\u00a0<\/div>\n<div>Jednoduch\u00e9 \u0159e\u0161en\u00ed soustavy a\u00a0vlastn\u00ed procesorov\u00fd \u0159\u00edd\u00edc\u00ed syst\u00e9m zaru\u010duj\u00ed dlouhou \u017eivotnost a\u00a0spolehlivost. Pr\u016ftok \u201etopn\u00e9ho\u201c vzduchu je regulav\u00e1n tak aby v\u017edy odpov\u00eddal skute\u010dn\u00e9 pot\u0159eb\u011b \u010d\u00edm\u017e se sn\u00ed\u017e\u00ed p\u0159\u00edkon a\u00a0hlu\u010dnost za\u0159\u00edzen\u00ed. D\u00edky sn\u00ed\u017een\u00e9mu pr\u016ftoku je sou\u010dasn\u011b mo\u017eno vyu\u017e\u00edt i\u00a0p\u0159edeh\u0159evu venkovn\u00edho vzduchu pomoc\u00ed zemn\u00edho registru (jedna nebo n\u011bkolik trubek ulo\u017een\u00fdch v\u00a0zemi &#8211; nap\u0159\u00edklad pod plotem okolo objektu) nebo je mo\u017en\u00e9 nas\u00e1vat topn\u00fd vzduch p\u0159es sklepn\u00ed prostory (pokud je sklep dostate\u010dn\u011b velk\u00fd a\u00a0pod \u00farovn\u00ed ter\u00e9nu, bude teplota topn\u00e9ho vzduchu n\u011bkolik stup\u0148\u016f nad nulou i\u00a0p\u0159i venkovn\u00ed teplot\u011b pod &#8211; 10 stupni.<\/div>\n<div>\u00a0<\/div>\n<div>T\u00edm se rovn\u011b\u017e zv\u00fd\u0161\u00ed dod\u00e1van\u00fd v\u00fdkon. \u00darove\u0148 hluku je minimalizov\u00e1na pou\u017eit\u00edm dvojpl\u00e1\u0161\u0165ov\u00e9 sk\u0159\u00edn\u011b za\u0159\u00edzen\u00ed se speci\u00e1ln\u00ed protihlukovou izolac\u00ed.<\/p>\n<p><strong>Tepeln\u00e1 \u010derpadla ELMET \u0159ady ELAIR UT<\/strong> umo\u017e\u0148uj\u00ed d\u00edky sv\u00fdm vlastnostem p\u0159ipojen\u00ed jak na st\u00e1vaj\u00edc\u00ed star\u0161\u00ed soustavy \u00fast\u0159edn\u00edho topen\u00ed s\u00a0b\u011b\u017en\u00fdmi deskov\u00fdmi nebo litinov\u00fdmi radi\u00e1tory, tak i\u00a0na modern\u00ed nov\u00e9 soustavy s\u00a0aktivn\u00edmi radi\u00e1tory nebo podlahov\u00e9 topen\u00ed. Jsou konstruov\u00e1na jako st\u0159edoteplotn\u00ed s\u00a0teplotou topn\u00e9 vody 45 &#8211; 55 stup\u0148\u016f, p\u0159i pou\u017eit\u00ed s\u00a0aktivn\u00edmi radi\u00e1tory nebo podlahov\u00fdm topen\u00edm se pou\u017eije vyrovn\u00e1vac\u00ed akumula\u010dn\u00ed n\u00e1dr\u017e, kde lze nastavit ni\u017e\u0161\u00ed pot\u0159ebnou teplotu topn\u00e9 vody (35 &#8211; 40 stup\u0148\u016f), \u010d\u00edm\u017e se zv\u00fd\u0161\u00ed \u00fa\u010dinnost a\u00a0sn\u00ed\u017e\u00ed p\u0159\u00edkon. Sou\u010dasn\u011b se tak\u00e9 omez\u00ed po\u010det zap\u00ednac\u00edch cykl\u016f kompresoru a\u00a0zrovnom\u011brn\u00ed se jeho chod.<\/p>\n<p>Pokud uva\u017eujeme pou\u017e\u00edt tepeln\u00e9 \u010derpadlo do nov\u00e9ho objektu, m\u011blo by dodat 60 &#8211; 75 % pot\u0159ebn\u00e9ho topn\u00e9ho v\u00fdkonu uveden\u00e9ho v\u00a0projektu (topn\u00fd v\u00fdkon b\u00fdv\u00e1 uveden pro nejni\u017e\u0161\u00ed uva\u017eovanou venkovn\u00ed teplotu podle um\u00edst\u011bn\u00ed stavby a\u00a0po\u017eadovanou vnit\u0159n\u00ed teplotu vyt\u00e1p\u011bn\u00fdch prostor). Nap\u0159\u00edklad pro n\u00edzkoenergetick\u00fd d\u016fm s\u00a0pot\u0159ebn\u00fdm topn\u00fdm v\u00fdkonem 9 kW pro venkovn\u00ed teplotu &#8211; 15 stup\u0148\u016f je vhodn\u00e9 tepeln\u00e9 \u010derpadlo s\u00a0v\u00fdkonem 7 kW pro teplotu topn\u00e9ho vzduchu 2 stupn\u011b p\u0159i teplot\u011b topn\u00e9 vody 40 stup\u0148\u016f (podlahov\u00e9 topen\u00ed) s\u00a0dot\u00e1p\u011bn\u00edm elektrokotlem 9 &#8211; 12 kW. Elektrokotel ov\u0161em bude dot\u00e1p\u011bt pouze p\u0159i velmi n\u00edzk\u00fdch teplot\u00e1ch (pod -5 a\u017e -8 stC), podle pr\u016fb\u011bhu zimn\u00edho obdob\u00ed 5 &#8211; 15 % celkov\u00e9 doby. Po v\u011bt\u0161inu doby objekt spolehliv\u011b vytop\u00ed tepeln\u00e9 \u010derpadlo.<\/p>\n<p>Nen\u00ed nutn\u00e9 se ob\u00e1vat ani pou\u017eit\u00ed tepeln\u00e9ho \u010derpadla p\u0159i rekonstrukci st\u00e1vaj\u00edc\u00edch syst\u00e9m\u016f \u00fast\u0159edn\u00edho topen\u00ed ve star\u0161\u00edch objektech. Vzhledem k\u00a0teplot\u011b topn\u00e9 vody 45 &#8211; 55 stup\u0148\u016f lze p\u0159ipojit tepeln\u00e9 \u010derpadlo <strong>ELAIR UT<\/strong> p\u0159\u00edmo i\u00a0k\u00a0soustav\u011b s\u00a0b\u011b\u017en\u00fdmi deskov\u00fdmi radi\u00e1tory (KORADO) nebo star\u0161\u00edmi litinov\u00fdmi radi\u00e1tory.<\/div>\n<div>\u00a0<\/div>\n<div>Pokud byl jako zdroj topn\u00e9 vody p\u0159edt\u00edm pou\u017e\u00edv\u00e1n kotel na uhl\u00ed, koks ap. dod\u00e1val sice topnou vodu o\u00a0teplot\u011b 70 &#8211; 90 stup\u0148\u016f, p\u0159edpokl\u00e1dalo se ale topen\u00ed jen po ur\u010ditou dobu v\u00a0pr\u016fb\u011bhu dne a\u00a0po zbylou dobu (zejm\u00e9na dopoledne a\u00a0v\u00a0noci) se vyu\u017eilo naakumulovan\u00e9 teplo v\u00a0objektu. Tepeln\u00e9 \u010derpadlo m\u016f\u017ee dod\u00e1vat topnou vodu 22 hodin denn\u011b (po tuto dobu je elekt\u0159ina za n\u00edzk\u00fd tarif) a\u00a0tak ve v\u011bt\u0161in\u011b p\u0159\u00edpad\u016f sta\u010d\u00ed teplota topn\u00e9 vody do 55 stup\u0148\u016f na dostate\u010dn\u00e9 vytopen\u00ed objektu.<\/div>\n<div>\u00a0<\/div>\n<div>V\u00a0ostatn\u00edch p\u0159\u00edpadech (topen\u00ed plynem nebo elekt\u0159inou) pro odhad vhodnosti pou\u017eit\u00ed tepeln\u00e9ho \u010derpadla posta\u010d\u00ed jednoduch\u00e1 zkou\u0161ka &#8211; pokud pro dosa\u017een\u00ed po\u017eadovan\u00e9 teploty v\u00a0objektu sta\u010d\u00ed teplota topn\u00e9 vody v\u00a0syst\u00e9mu do 60 stup\u0148\u016f (teplom\u011bry b\u00fdvaj\u00ed na ka\u017ed\u00e9m kotli) i\u00a0p\u0159i venkovn\u00edch teplot\u00e1ch okolo -10 stup\u0148\u016f, pak lze tepeln\u00e9 \u010derpadlo bez obav pou\u017e\u00edt. Jinak by bylo nutn\u00e9 zv\u00fd\u0161it v\u00fdkon radi\u00e1tor\u016f v\u00a0soustav\u011b (pou\u017e\u00edt v\u011bt\u0161\u00ed typy nebo aktivn\u00ed radi\u00e1tory &#8211; maj\u00ed p\u0159i stejn\u00fdch rozm\u011brech zhruba 2,5 x v\u011bt\u0161\u00ed v\u00fdkon)<\/p>\n<p>Tepeln\u00e9 \u010derpadlo lze samoz\u0159ejm\u011b pro vyt\u00e1p\u011bn\u00ed pou\u017e\u00edt i\u00a0v\u00a0p\u0159\u00edpad\u011b \u017ee po\u017eadovan\u00fd tepeln\u00fd v\u00fdkon pro topnou soustavu je vy\u0161\u0161\u00ed ne\u017e 1,3 a\u017e 1,5 n\u00e1sobek v\u00fdkonu tepeln\u00e9ho \u010derpadla, prodlou\u017e\u00ed se ov\u0161em doba provozu nez\u00e1visl\u00e9ho zdroje (kotle) pro dot\u00e1p\u011bn\u00ed a\u00a0\u00faspora n\u00e1klad\u016f na topen\u00ed bude o\u00a0n\u011bco ni\u017e\u0161\u00ed.<\/p>\n<p>Nejd\u016fle\u017eit\u011bj\u0161\u00edm parametrem p\u0159i rozhodov\u00e1n\u00ed o\u00a0tom zda po\u0159\u00eddit tepeln\u00e9 \u010derpadlo je \u00faspora n\u00e1klad\u016f na vyt\u00e1p\u011bn\u00ed a\u00a0tak\u00e9 n\u00e1vratnost vlo\u017een\u00fdch pen\u011bz. Pro p\u0159edstavu lze \u00fasporu uk\u00e1zat na simulovan\u00e9m p\u0159\u00edkladu rekonstrukce vyt\u00e1p\u011bn\u00ed rodinn\u00e9ho domu s\u00a0ro\u010dn\u00ed spot\u0159ebou energie na vyt\u00e1p\u011bn\u00ed 16 MWh (st\u0159edn\u00ed dvoupodla\u017en\u00ed rodinn\u00fd d\u016fm, \u010d\u00e1ste\u010dn\u011b zateplen\u00fd). P\u0159i v\u00fdpo\u010dtech se vych\u00e1z\u00ed ze sou\u010dasn\u00fdch cen paliv a\u00a0energi\u00ed (duben 2011) a\u00a0z\u00a0ceny tepeln\u00e9ho \u010derpadla <strong>ELAIR 6 UT<\/strong> : 80.500,- U\u00a0jin\u00fdch typ\u016f tepeln\u00fdch \u010derpadel jak jsou pops\u00e1na na za\u010d\u00e1tku jsou po\u0159izovac\u00ed n\u00e1klady podstatn\u011b vy\u0161\u0161\u00ed a\u00a0n\u00e1vratnost investice se tak m\u016f\u017ee prodlou\u017eit i\u00a0nad dobu \u017eivotnosti za\u0159\u00edzen\u00ed, ud\u00e1van\u00e9 b\u011b\u017en\u011b na 15 &#8211; 20 let.<\/p>\n<p><strong>Tepeln\u00e9 \u010derpadlo<\/strong>: p\u0159i v\u00fdpo\u010dtu je uva\u017eov\u00e1no \u017ee dod\u00e1 70 % tepeln\u00e9 energie, zbytek (30%) elektrick\u00fd p\u0159\u00edmotopn\u00fd kotel. Tepeln\u00e9 \u010derpadlo tedy dod\u00e1 11,2 MWh p\u0159i pr\u016fm\u011brn\u00e9m topn\u00e9m faktoru 3, tedy spot\u0159ebuje 3,73 MWh elektrick\u00e9 energie, p\u0159\u00edmotop potom spot\u0159ebuje 4,8 MWh. <strong>N\u00e1klady na vyt\u00e1p\u011bn\u00ed budou tedy 20.500,-<\/strong><\/p>\n<ol>\n<li>P\u016fvodn\u00ed zdroj tepla &#8211; <strong>p\u0159\u00edmotopn\u00fd elektrokotel<\/strong>: uva\u017euje se \u00fa\u010dinnost 100%, n\u00e1klady na vyt\u00e1p\u011bn\u00ed jsou 38.600,-. \u00daspora p\u0159i po\u0159\u00edzen\u00ed tepeln\u00e9ho \u010derpadla je tedy <strong>18.100,-<\/strong> \/ rok, n\u00e1vratnost investice je cca <strong>4,5<\/strong> roku.<\/li>\n<li>P\u016fvodn\u00ed zdroj tepla &#8211; <strong>kotel na uhl\u00ed<\/strong>: uva\u017euje se pr\u016fm\u011brn\u00e1 \u00fa\u010dinnost kotle 65 %, v\u00fdh\u0159evnost paliva 16 MJ\/kg (b\u011b\u017en\u00fd kotel s\u00a0palivem hn\u011bd\u00e9 uhl\u00ed O\u0159ech nebo Kostka) + minim\u00e1ln\u011b 2 x za topnou sezonu \u010di\u0161t\u011bn\u00ed kou\u0159ovod\u016f a\u00a0revize dle p\u0159\u00edslu\u0161n\u00e9ho z\u00e1kona). Je tedy t\u0159eba 5,5 tun uhl\u00ed + cca 10% je nutno p\u0159idat na p\u0159\u00edm\u011bsi, prach a\u00a0vodu = zhruba 6 tun. N\u00e1klady na topen\u00ed jsou tedy 21.800,- \u00daspora zde je zd\u00e1nliv\u011b mal\u00e1, ale nutno br\u00e1t v\u00a0potaz dva d\u016fle\u017eit\u00e9 faktory &#8211; podstatn\u00e9 zv\u00fd\u0161en\u00ed komfortu (zmiz\u00ed popel, a\u00a0pra\u0161nost, o\u00a0topen\u00ed nen\u00ed t\u0159eba se starat &#8211; tepeln\u00e9 \u010derpadlo sta\u010d\u00ed p\u0159i zah\u00e1jen\u00ed topn\u00e9 sezony zkontrolovat a\u00a0zapnout a\u00a0p\u0159i skon\u010den\u00ed vypnout) a\u00a0rovn\u011b\u017e podstatn\u011b ni\u017e\u0161\u00ed n\u00e1klady na provoz dom\u00e1cnosti &#8211; jestli\u017ee pr\u016fm\u011brn\u00e1 \u010dty\u0159\u010dlenn\u00e1 dom\u00e1cnost spot\u0159ebuje za rok typicky 3 MWh elektrick\u00e9 energie ve vysok\u00e9m tarifu (denn\u00ed sazba) p\u0159i nejb\u011b\u017en\u011bj\u0161\u00ed sazb\u011b \u201eAkumulace 8\u201c (vybaven\u00ed dom\u00e1cnosti bojlerem, pra\u010dkou, elektrick\u00fdm spor\u00e1kem a\u00a0dal\u0161\u00edmi spot\u0159ebi\u010di), lze dos\u00e1hnout p\u0159i sazb\u011b \u201eTepeln\u00e9 \u010derpadlo\u201c dal\u0161\u00ed ro\u010dn\u00ed \u00faspory a\u017e <strong>8.500<\/strong>,- za spot\u0159ebovanou elektrickou energii na provoz dom\u00e1cnosti. N\u00e1vratnost investice je v\u00a0tomto p\u0159\u00edpad\u011b okolo <strong>8 rok\u016f<\/strong>.<\/li>\n<li>P\u016fvodn\u00ed zdroj tepla &#8211; <strong>plynov\u00fd kotel<\/strong>: uva\u017euje se pr\u016fm\u011brn\u00e1 \u00fa\u010dinnost kotle 80 % + 5 % ztr\u00e1ty (ni\u017e\u0161\u00ed kvalita dod\u00e1vky plynu, povolen\u00e1 toleranc\u00ed v\u00a0norm\u011b). Spot\u0159eba zemn\u00edho plynu je tedy 21 MWh, n\u00e1klady na topen\u00ed v\u010detn\u011b revize kom\u00ednu (1x za rok) jsou 26.200,-. Pokud se k\u00a0\u00faspo\u0159e 5.700,- p\u0159id\u00e1 je\u0161t\u011b \u00faspora za spot\u0159ebovanou elektrickou energii d\u00edky sazb\u011b \u201eTepeln\u00e9 \u010derpadlo\u201c 8.500,- (viz v\u00fd\u0161e) je celkov\u00e1 dosa\u017eiteln\u00e1 \u00faspora <strong>14.200,<\/strong>&#8211; a\u00a0n\u00e1vratnost investice necel\u00fdch <strong>6 rok\u016f.<\/strong><\/li>\n<\/ol>\n<\/div>\n<div>Co doporu\u010dit na z\u00e1v\u011br &#8211; topen\u00ed tepeln\u00fdm \u010derpadlem rozhodn\u011b ano, ale pro dosa\u017een\u00ed maxim\u00e1ln\u00edch \u00faspor je nutno m\u00edt \u0159\u00e1dn\u011b zpracovan\u00fd projekt a\u00a0spr\u00e1vn\u011b provedenou instalaci. Instalace je jednoduch\u00e1 a\u00a0levn\u00e1, s\u00a0minim\u00e1ln\u00edmi stavebn\u00edmi \u00fapravami.<\/div>\n<div>\u00a0<\/div>\n<div>Aby ale bylo topen\u00ed tepeln\u00fdm \u010derpadlem skute\u010dn\u011b v\u00fdhodn\u00e9, je nutno po\u017e\u00e1dat dodavatele elektrick\u00e9 energie o\u00a0sazbu \u201eTepeln\u00e9 \u010derpadlo\u201c (D56) a\u00a0k\u00a0tomu je nutn\u00e1 revizn\u00ed zpr\u00e1va k\u00a0elektroinstalaci tepeln\u00e9ho \u010derpadla. \u017d\u00e1dn\u00e1 jin\u00e1 povolen\u00ed nejsou t\u0159eba.<\/div>\n<\/div>\n<div>\u00a0<\/div>\n<div><a title=\"P\u0159\u00edklad instalace tepeln\u00e9ho \u010derpadla v podsklepen\u00e9m objektu s p\u0159edeh\u0159evem topn\u00e9ho vzduchu odpadn\u00edm teplem a teplem zem\u011b\" href=\"http:\/\/zdravydum.elmet.cz\/files\/obrazky\/predehrev-vzduchu.jpg\"><img decoding=\"async\" title=\"P\u0159\u00edklad instalace tepeln\u00e9ho \u010derpadla v podsklepen\u00e9m objektu s p\u0159edeh\u0159evem topn\u00e9ho vzduchu odpadn\u00edm teplem a teplem zem\u011b\" alt=\"P\u0159\u00edklad instalace tepeln\u00e9ho \u010derpadla v podsklepen\u00e9m objektu s p\u0159edeh\u0159evem topn\u00e9ho vzduchu odpadn\u00edm teplem a teplem zem\u011b\" src=\"http:\/\/zdravydum.elmet.cz\/files\/obrazky\/nahled-143-predehrev-vzduchu.jpg\" \/><\/a><\/p>\n<div>P\u0159\u00edklad instalace tepeln\u00e9ho \u010derpadla v podsklepen\u00e9m objektu s p\u0159edeh\u0159evem topn\u00e9ho vzduchu odpadn\u00edm teplem a teplem zem\u011b<\/div>\n<\/div>\n<div>\n<div><strong>A<\/strong> &#8211; tepeln\u00e9 \u010derpadlo <strong>ELAIR UT<\/strong> \u0159\u00edzen\u00e9 bezdr\u00e1tov\u00fdm termostatem<br \/>\n<strong>B<\/strong> &#8211; automaticky \u0159\u00edzen\u00e1 klapka, pro teplotu prostoru pod + 5 stup\u0148\u016f p\u0159epne na vn\u011bj\u0161\u00ed p\u0159\u00edvod vzduchu<br \/>\n<strong>C<\/strong> &#8211; nez\u00e1visl\u00fd zdroj pro topen\u00ed &#8211; \u0159\u00edzen\u00fd kotel pro dot\u00e1p\u011bn\u00ed<br \/>\n<strong>D<\/strong> &#8211; expanzn\u00ed n\u00e1doba<br \/>\n<strong>E<\/strong> &#8211; odvod zkondenzovan\u00e9 vody do odpadu<br \/>\n<strong>F<\/strong> &#8211; p\u0159\u00edvody topn\u00e9 vody k\u00a0radi\u00e1tor\u016fm<br \/>\n<strong>G<\/strong> &#8211; kabel \u0159\u00edzen\u00ed dot\u00e1p\u011bn\u00ed<\/div>\n<div>\n<strong>\u0160ipky zn\u00e1zor\u0148uj\u00ed pr\u016ftok \u201etopn\u00e9ho\u201c vzduchu<\/strong><\/div>\n<\/div>\n<div>\u00a0<\/div>\n<div><a title=\"P\u0159\u00edklad instalace tepeln\u00e9ho \u010derpadla v n\u00edzkoenergetick\u00e9m dom\u011b s p\u0159edeh\u0159evem topn\u00e9ho vzduchu ztr\u00e1tov\u00fdm teplem z p\u016fdy\" href=\"http:\/\/zdravydum.elmet.cz\/files\/obrazky\/predehrev-ztratovym-teplem.jpg\"><img decoding=\"async\" title=\"P\u0159\u00edklad instalace tepeln\u00e9ho \u010derpadla v n\u00edzkoenergetick\u00e9m dom\u011b s p\u0159edeh\u0159evem topn\u00e9ho vzduchu ztr\u00e1tov\u00fdm teplem z p\u016fdy\" alt=\"P\u0159\u00edklad instalace tepeln\u00e9ho \u010derpadla v n\u00edzkoenergetick\u00e9m dom\u011b s p\u0159edeh\u0159evem topn\u00e9ho vzduchu ztr\u00e1tov\u00fdm teplem z p\u016fdy\" src=\"http:\/\/zdravydum.elmet.cz\/files\/obrazky\/nahled-147-predehrev-ztratovym-teplem.jpg\" \/><\/a><\/p>\n<div>P\u0159\u00edklad instalace tepeln\u00e9ho \u010derpadla v n\u00edzkoenergetick\u00e9m dom\u011b s p\u0159edeh\u0159evem topn\u00e9ho vzduchu ztr\u00e1tov\u00fdm teplem z p\u016fdy<\/div>\n<\/div>\n<div>\n<div><strong>A<\/strong> &#8211; tepeln\u00e9 \u010derpadlo <strong>ELAIR UT<\/strong><br \/>\n<strong>B<\/strong> &#8211; \u0159\u00edzen\u00ed oh\u0159evu akumula\u010dn\u00ed n\u00e1dr\u017ee<br \/>\n<strong>C<\/strong> &#8211; akumula\u010dn\u00ed n\u00e1dr\u017e s\u00a0elektrick\u00fdm doh\u0159evem, mo\u017enost pr\u016ftokov\u00e9ho oh\u0159evu u\u017eitkov\u00e9 vody<br \/>\n<strong>D<\/strong> &#8211; expanzn\u00ed n\u00e1doba<br \/>\n<strong>E<\/strong> &#8211; sm\u011b\u0161ovac\u00ed syst\u00e9m a\u00a0\u0159\u00edzen\u00ed podlahov\u00e9ho topen\u00ed<br \/>\n<strong>F<\/strong> &#8211; technologick\u00e1 m\u00edstnost<br \/>\n<strong>G<\/strong> &#8211; podlahov\u00e9 topen\u00ed<br \/>\n<strong>H<\/strong> &#8211; odvod zkondenzovan\u00e9 vody do odpadu<\/p>\n<\/div>\n<\/div>\n","protected":false},"excerpt":{"rendered":"<p>Tepeln\u00e9 \u010derpadlo UT10 a UT6 Tepeln\u00e1 \u010derpadla jsou v\u00a0sou\u010dasnosti nejekologi\u010dt\u011bj\u0161\u00edm zdrojem pro vyt\u00e1p\u011bn\u00ed. \u00a0 Pro z\u00edsk\u00e1n\u00ed tepeln\u00e9 energie vyu\u017e\u00edvaj\u00ed stoprocentn\u011b obnoviteln\u00e9 zdroje tepla &#8211; vzduch, zem a\u00a0vodu. \u00a0 Ka\u017ed\u00fd tento zdroj m\u00e1 ov\u0161em sv\u00e9 v\u00fdhody a\u00a0nev\u00fdhody: Pro tepeln\u00e9 \u010derpadlo voda \/ voda je pot\u0159eba nezamrzaj\u00edc\u00ed zdroj vody s\u00a0velkou vydatnost\u00ed a\u00a0teplotou alespo\u0148 10 stup\u0148\u016f co\u017e b\u00fdv\u00e1 &hellip; <a href=\"https:\/\/www.elteca.cz\/?page_id=40\" class=\"more-link\">Pokra\u010dov\u00e1n\u00ed textu <span class=\"screen-reader-text\">Tepeln\u00e9 \u010derpadlo UT10<\/span> <span class=\"meta-nav\">&rarr;<\/span><\/a><\/p>\n","protected":false},"author":3,"featured_media":0,"parent":17,"menu_order":3,"comment_status":"open","ping_status":"open","template":"","meta":{"footnotes":""},"_links":{"self":[{"href":"https:\/\/www.elteca.cz\/index.php?rest_route=\/wp\/v2\/pages\/40"}],"collection":[{"href":"https:\/\/www.elteca.cz\/index.php?rest_route=\/wp\/v2\/pages"}],"about":[{"href":"https:\/\/www.elteca.cz\/index.php?rest_route=\/wp\/v2\/types\/page"}],"author":[{"embeddable":true,"href":"https:\/\/www.elteca.cz\/index.php?rest_route=\/wp\/v2\/users\/3"}],"replies":[{"embeddable":true,"href":"https:\/\/www.elteca.cz\/index.php?rest_route=%2Fwp%2Fv2%2Fcomments&post=40"}],"version-history":[{"count":1,"href":"https:\/\/www.elteca.cz\/index.php?rest_route=\/wp\/v2\/pages\/40\/revisions"}],"predecessor-version":[{"id":41,"href":"https:\/\/www.elteca.cz\/index.php?rest_route=\/wp\/v2\/pages\/40\/revisions\/41"}],"up":[{"embeddable":true,"href":"https:\/\/www.elteca.cz\/index.php?rest_route=\/wp\/v2\/pages\/17"}],"wp:attachment":[{"href":"https:\/\/www.elteca.cz\/index.php?rest_route=%2Fwp%2Fv2%2Fmedia&parent=40"}],"curies":[{"name":"wp","href":"https:\/\/api.w.org\/{rel}","templated":true}]}}